{"id":34,"date":"2017-09-10T14:00:46","date_gmt":"2017-09-10T13:00:46","guid":{"rendered":"http:\/\/localhost\/?page_id=34"},"modified":"2024-10-28T12:06:07","modified_gmt":"2024-10-28T12:06:07","slug":"home","status":"publish","type":"page","link":"https:\/\/www.theshorelineresidence.com\/es\/","title":{"rendered":"Home"},"content":{"rendered":"<p>La Rep\u00fablica de Malta est\u00e1 situada en el centro del Mar Mediterr\u00e1neo, a tan solo 60 Km. al sur de Sicilia; posee una superficie de 316 kil\u00f3metros cuadrados y su poblaci\u00f3n aproximada es de 450.000 habitantes. A pesar de su tama\u00f1o, la ubicaci\u00f3n de Malta ha sido hist\u00f3ricamente de gran importancia estrat\u00e9gica como base naval. La isla ha sido gobernada sucesivamente por grandes potencias, como han sido la de los fenicios, los cartagineses, griegos, romanos, \u00e1rabes, los Caballeros de San Juan y por los ingleses.<\/p>\n<p>Un excelente aire y \u00f3ptimas conexiones mar\u00edtimas, una mano de obra bien capacitada, servicios de salud de alto nivel, una econom\u00eda floreciente, diversas iniciativas y opciones de residencia, enmarcadas por el atractivo de una vida isle\u00f1a en un ambiente relajado y amistoso, han contribuido para que las Islas de Malta sean uno de los pa\u00edses mejores y m\u00e1s seguros del mundo para vivir, trabajar, distenderse e invertir.<\/p>","protected":false},"excerpt":{"rendered":"<p>La Rep\u00fablica de Malta est\u00e1 situada en el centro del Mar Mediterr\u00e1neo, a tan solo 60 Km. al sur de Sicilia; posee una superficie de&#8230;<\/p>\n","protected":false},"author":1,"featured_media":0,"parent":0,"menu_order":0,"comment_status":"closed","ping_status":"closed","template":"","meta":{"_acf_changed":false,"footnotes":""},"class_list":["post-34","page","type-page","status-publish","hentry"],"acf":[],"_links":{"self":[{"href":"https:\/\/www.theshorelineresidence.com\/es\/wp-json\/wp\/v2\/pages\/34","targetHints":{"allow":["GET"]}}],"collection":[{"href":"https:\/\/www.theshorelineresidence.com\/es\/wp-json\/wp\/v2\/pages"}],"about":[{"href":"https:\/\/www.theshorelineresidence.com\/es\/wp-json\/wp\/v2\/types\/page"}],"author":[{"embeddable":true,"href":"https:\/\/www.theshorelineresidence.com\/es\/wp-json\/wp\/v2\/users\/1"}],"replies":[{"embeddable":true,"href":"https:\/\/www.theshorelineresidence.com\/es\/wp-json\/wp\/v2\/comments?post=34"}],"version-history":[{"count":78,"href":"https:\/\/www.theshorelineresidence.com\/es\/wp-json\/wp\/v2\/pages\/34\/revisions"}],"predecessor-version":[{"id":7358,"href":"https:\/\/www.theshorelineresidence.com\/es\/wp-json\/wp\/v2\/pages\/34\/revisions\/7358"}],"wp:attachment":[{"href":"https:\/\/www.theshorelineresidence.com\/es\/wp-json\/wp\/v2\/media?parent=34"}],"curies":[{"name":"wp","href":"https:\/\/api.w.org\/{rel}","templated":true}]}}